{"id":233,"date":"2014-07-07T18:53:57","date_gmt":"2014-07-07T18:53:57","guid":{"rendered":"http:\/\/sahun.cat\/?page_id=233"},"modified":"2014-07-07T18:53:57","modified_gmt":"2014-07-07T18:53:57","slug":"becas-escolares","status":"publish","type":"page","link":"https:\/\/www.sahun.cat\/cas\/obra-social\/becas-escolares\/","title":{"rendered":"Becas escolares"},"content":{"rendered":"\n<style type=\"text\/css\" data-created_by=\"avia_inline_auto\" id=\"style-css-av-av_one_full-6126cab7d8fab8d08143dd2dacdf673c\">\n.flex_column.av-av_one_full-6126cab7d8fab8d08143dd2dacdf673c{\nborder-radius:0px 0px 0px 0px;\npadding:0px 0px 0px 0px;\n}\n<\/style>\n<div  class='flex_column av-av_one_full-6126cab7d8fab8d08143dd2dacdf673c av_one_full  avia-builder-el-0  el_before_av_two_third  avia-builder-el-first  first flex_column_div av-zero-column-padding  '     ><section  class='av_textblock_section av-av_textblock-0366cc7376be6c9e82a3e9cc8987b64f '   itemscope=\"itemscope\" itemtype=\"https:\/\/schema.org\/CreativeWork\" ><div class='avia_textblock'  itemprop=\"text\" ><p>Actualmente, las becas llegan a casi 40 ni\u00f1os y ni\u00f1as todos ellos de familias sin recursos, en algunos de los casos, adem\u00e1s de la escolarizaci\u00f3n y los materiales, tambi\u00e9n se les ayuda en el transporte y en la comida.<\/p>\n<p><a href=\"http:\/\/www.dugu.cat\/beques.php\" target=\"_blank\" rel=\"noopener noreferrer\">M\u00e1n informaci\u00f3n<\/a><\/p>\n<\/div><\/section><\/div>\n<style type=\"text\/css\" data-created_by=\"avia_inline_auto\" id=\"style-css-av-av_two_third-6126cab7d8fab8d08143dd2dacdf673c\">\n.flex_column.av-av_two_third-6126cab7d8fab8d08143dd2dacdf673c{\nborder-radius:0px 0px 0px 0px;\npadding:0px 0px 0px 0px;\n}\n<\/style>\n<div  class='flex_column av-av_two_third-6126cab7d8fab8d08143dd2dacdf673c av_two_third  avia-builder-el-2  el_after_av_one_full  el_before_av_one_third  first flex_column_div av-zero-column-padding  column-top-margin'     ><style type=\"text\/css\" data-created_by=\"avia_inline_auto\" id=\"style-css-av-av_image-a4217527ab9f01cab65f757028693223\">\n.avia-image-container.av-av_image-a4217527ab9f01cab65f757028693223 img.avia_image{\nbox-shadow:none;\n}\n.avia-image-container.av-av_image-a4217527ab9f01cab65f757028693223 .av-caption-image-overlay-bg{\nopacity:0.4;\nbackground-color:#000000;\n}\n.avia-image-container.av-av_image-a4217527ab9f01cab65f757028693223 .av-image-caption-overlay-center{\ncolor:#ffffff;\nfont-size:30px;\n}\n<\/style>\n<div  class='avia-image-container av-av_image-a4217527ab9f01cab65f757028693223 av-styling- av-hover-grow avia-align-center  avia-builder-el-3  avia-builder-el-no-sibling  noHover av-overlay-hover-deactivate'   itemprop=\"image\" itemscope=\"itemscope\" itemtype=\"https:\/\/schema.org\/ImageObject\" ><div class=\"avia-image-container-inner\"><div class=\"avia-image-overlay-wrap\"><div class=\"av-image-caption-overlay\"><div class=\"av-caption-image-overlay-bg\"><\/div><div class=\"av-image-caption-overlay-position\"><div class=\"av-image-caption-overlay-center\"><p>beques nens i nenes<\/p>\n<\/div><\/div><\/div><img fetchpriority=\"high\" class='wp-image-771 avia-img-lazy-loading-not-771 avia_image ' src='https:\/\/www.sahun.cat\/cas\/wp-content\/uploads\/2016\/12\/5.jpg' alt='Becas escolares' title='Becas escolares'  height=\"282\" width=\"426\"  itemprop=\"thumbnailUrl\"  \/><\/div><\/div><\/div><\/div><\/p>\n\n<style type=\"text\/css\" data-created_by=\"avia_inline_auto\" id=\"style-css-av-av_one_third-0aa7055fe62c3622faec82866afbaeb2\">\n.flex_column.av-av_one_third-0aa7055fe62c3622faec82866afbaeb2{\nborder-radius:0px 0px 0px 0px;\npadding:0px 0px 0px 0px;\n}\n<\/style>\n<div  class='flex_column av-av_one_third-0aa7055fe62c3622faec82866afbaeb2 av_one_third  avia-builder-el-4  el_after_av_two_third  avia-builder-el-last  flex_column_div av-zero-column-padding  column-top-margin'     ><style type=\"text\/css\" data-created_by=\"avia_inline_auto\" id=\"style-css-av-av_image-a10234b3434d87bdd6c782f9648f7958\">\n.avia-image-container.av-av_image-a10234b3434d87bdd6c782f9648f7958 img.avia_image{\nbox-shadow:none;\n}\n.avia-image-container.av-av_image-a10234b3434d87bdd6c782f9648f7958 .av-image-caption-overlay-center{\ncolor:#ffffff;\n}\n<\/style>\n<div  class='avia-image-container av-av_image-a10234b3434d87bdd6c782f9648f7958 av-styling- avia-align-right  avia-builder-el-5  avia-builder-el-no-sibling '   itemprop=\"image\" itemscope=\"itemscope\" itemtype=\"https:\/\/schema.org\/ImageObject\" ><div class=\"avia-image-container-inner\"><div class=\"avia-image-overlay-wrap\"><img fetchpriority=\"high\" class='wp-image- avia-img-lazy-loading-not- avia_image ' src='http:\/\/sahun.quientebusca.com\/wp-content\/uploads\/2016\/10\/Logo-1.jpg' alt='' title=''   itemprop=\"thumbnailUrl\"  \/><\/div><\/div><\/div><\/div>\n","protected":false},"excerpt":{"rendered":"","protected":false},"author":1,"featured_media":0,"parent":222,"menu_order":1,"comment_status":"closed","ping_status":"closed","template":"","meta":{"footnotes":""},"class_list":["post-233","page","type-page","status-publish","hentry"],"_links":{"self":[{"href":"https:\/\/www.sahun.cat\/cas\/wp-json\/wp\/v2\/pages\/233","targetHints":{"allow":["GET"]}}],"collection":[{"href":"https:\/\/www.sahun.cat\/cas\/wp-json\/wp\/v2\/pages"}],"about":[{"href":"https:\/\/www.sahun.cat\/cas\/wp-json\/wp\/v2\/types\/page"}],"author":[{"embeddable":true,"href":"https:\/\/www.sahun.cat\/cas\/wp-json\/wp\/v2\/users\/1"}],"replies":[{"embeddable":true,"href":"https:\/\/www.sahun.cat\/cas\/wp-json\/wp\/v2\/comments?post=233"}],"version-history":[{"count":0,"href":"https:\/\/www.sahun.cat\/cas\/wp-json\/wp\/v2\/pages\/233\/revisions"}],"up":[{"embeddable":true,"href":"https:\/\/www.sahun.cat\/cas\/wp-json\/wp\/v2\/pages\/222"}],"wp:attachment":[{"href":"https:\/\/www.sahun.cat\/cas\/wp-json\/wp\/v2\/media?parent=233"}],"curies":[{"name":"wp","href":"https:\/\/api.w.org\/{rel}","templated":true}]}}