{"id":506,"date":"2016-10-25T19:56:52","date_gmt":"2016-10-25T19:56:52","guid":{"rendered":"http:\/\/sahun.quientebusca.com\/?page_id=506"},"modified":"2016-10-25T19:56:52","modified_gmt":"2016-10-25T19:56:52","slug":"aviso-legal","status":"publish","type":"page","link":"https:\/\/www.sahun.cat\/cas\/aviso-legal\/","title":{"rendered":"Pol\u00edtica de privacidad y aviso legal"},"content":{"rendered":"\n<style type=\"text\/css\" data-created_by=\"avia_inline_auto\" id=\"style-css-av-av_one_fifth-6126cab7d8fab8d08143dd2dacdf673c\">\n.flex_column.av-av_one_fifth-6126cab7d8fab8d08143dd2dacdf673c{\nborder-radius:0px 0px 0px 0px;\npadding:0px 0px 0px 0px;\n}\n<\/style>\n<div  class='flex_column av-av_one_fifth-6126cab7d8fab8d08143dd2dacdf673c av_one_fifth  avia-builder-el-0  el_before_av_three_fifth  avia-builder-el-first  first flex_column_div av-zero-column-padding  '     ><\/div>\n\n<style type=\"text\/css\" data-created_by=\"avia_inline_auto\" id=\"style-css-av-av_three_fifth-0aa7055fe62c3622faec82866afbaeb2\">\n.flex_column.av-av_three_fifth-0aa7055fe62c3622faec82866afbaeb2{\nborder-radius:0px 0px 0px 0px;\npadding:0px 0px 0px 0px;\n}\n<\/style>\n<div  class='flex_column av-av_three_fifth-0aa7055fe62c3622faec82866afbaeb2 av_three_fifth  avia-builder-el-1  el_after_av_one_fifth  el_before_av_one_fifth  flex_column_div av-zero-column-padding  '     ><section  class='av_textblock_section av-av_textblock-0366cc7376be6c9e82a3e9cc8987b64f '   itemscope=\"itemscope\" itemtype=\"https:\/\/schema.org\/CreativeWork\" ><div class='avia_textblock'  itemprop=\"text\" ><p><strong>Pol\u00edtica de privacidad:<\/strong><\/p>\n<p>A trav\u00e9s de este sitio web no se recaban datos de car\u00e1cter personal de los usuarios sin su conocimiento, ni se ceden a terceros.<\/p>\n<p>Con la finalidad de ofrecerle el mejor servicio y con el objeto de facilitar el uso, se analizan el n\u00famero de p\u00e1ginas visitadas, el n\u00famero de visitas, as\u00ed como la actividad de los visitantes y su frecuencia de utilizaci\u00f3n. A estos efectos, SAHUN.CAT utiliza la informaci\u00f3n estad\u00edstica elaborada por el Proveedor de Servicios de Internet.<\/p>\n<p>SAHUN.CAT no utiliza cookies para recoger informaci\u00f3n de los usuarios, ni registra las direcciones IP de acceso. \u00danicamente se utilizan cookies propias, de sesi\u00f3n, con finalidad t\u00e9cnica (aquellas que permiten al usuario la navegaci\u00f3n a trav\u00e9s del sitio web y la utilizaci\u00f3n de las diferentes opciones y servicios que en ella existen).<\/p>\n<p>El portal del que es titular SAHUN.CAT contiene enlaces a sitios web de terceros, cuyas pol\u00edticas de privacidad son ajenas a la de SAHUN.CAT. Al acceder a tales sitios web usted puede decidir si acepta sus pol\u00edticas de privacidad y de cookies. Con car\u00e1cter general, si navega por internet usted puede aceptar o rechazar las cookies de terceros desde las opciones de configuraci\u00f3n de su navegador.<\/p>\n<p>En cumplimiento de lo previsto por el art\u00edculo 5 de la LOPD, se informa que los datos de car\u00e1cter personal que se recaban directamente del usuario a trav\u00e9s de los distintos recursos disponibles en el portal, ser\u00e1n tratados de forma confidencial y quedar\u00e1n incorporados a los respectivos ficheros de los que es responsable SAHUN.CAT, con las finalidades que se detallan en el Registro General de Protecci\u00f3n de Datos no siendo utilizados para finalidades incompatibles con estas. Los datos recabados podr\u00e1n ser cedidos en los casos previstos, para cada fichero, en dicho Registro.<\/p>\n<p>Los afectados pueden ejercitar los derechos de acceso, rectificaci\u00f3n, cancelaci\u00f3n y oposici\u00f3n ante la SAHUN.CAT, mediante escrito dirigido a V\u00eda Laietana n\u00ba 36 7\u00ba 1\u00aa de Barcelona 08003.<\/p>\n<p><strong>Aviso legal:<\/strong><\/p>\n<p>Este portal, cuyo titular es la Agencia Espa\u00f1ola de Protecci\u00f3n de Datos Gemma Elisenda Sahun Serena, con NIF CIF 46.126.576-F, domicilio en V\u00eda Laietana n\u00ba 36 7\u00ba 1\u00aa de Barcelona 08003, y tel\u00e9fono 93 310 52 53.<\/p>\n<p>Propiedad intelectual e industrial<\/p>\n<p>El dise\u00f1o del portal y sus c\u00f3digos fuente, as\u00ed como los logos, marcas y dem\u00e1s signos distintivos que aparecen en el mismo pertenecen a WWW.SAHUN.CAT y est\u00e1n protegidos por los correspondientes derechos de propiedad intelectual e industrial.<\/p>\n<p>Responsabilidad de los contenidos<\/p>\n<p>SAHUN.CAT no se hace responsable de la legalidad de otros sitios web de terceros desde los que pueda accederse al portal. SAHUN.CAT tampoco responde por la legalidad de otros sitios web de terceros, que pudieran estar vinculados o enlazados desde este portal.<\/p>\n<p>SAHUN.CAT se reserva el derecho a realizar cambios en el sitio web sin previo aviso, al objeto de mantener actualizada su informaci\u00f3n, a\u00f1adiendo, modificando, corrigiendo o eliminando\u00a0 los contenidos publicados o el dise\u00f1o del portal.<\/p>\n<p>SAHUN.CAT no ser\u00e1 responsable del uso que terceros hagan de la informaci\u00f3n publicada en el portal, ni tampoco de los da\u00f1os sufridos o p\u00e9rdidas econ\u00f3micas que, de forma directa o indirecta, produzcan o puedan producir perjuicios econ\u00f3micos, materiales o sobre datos, provocados por el uso de dicha informaci\u00f3n.<\/p>\n<p>Reproducci\u00f3n de contenidos<\/p>\n<p>Se proh\u00edbe la reproducci\u00f3n total o parcial de los contenidos publicados en el portal. No obstante, los contenidos que sean considerados como datos abiertos en la Sede Electr\u00f3nica, publicados seg\u00fan lo previsto en el Real Decreto 1495\/2011, de 24 de octubre, de desarrollo de la Ley 37\/2007, sobre reutilizaci\u00f3n de la informaci\u00f3n del sector p\u00fablico, para el \u00e1mbito del sector p\u00fablico estatal, podr\u00e1n ser objeto de reproducci\u00f3n en los t\u00e9rminos contenidos en el siguiente Aviso.<\/p>\n<p>Registro General de Protecci\u00f3n de Datos<\/p>\n<p>La informaci\u00f3n sobre ficheros inscritos en el Registro General de Protecci\u00f3n de Datos se publica de acuerdo con lo previsto en el art\u00edculo 14 de la Ley Org\u00e1nica 15\/1999, de 13 de diciembre, de Protecci\u00f3n de Datos de Car\u00e1cter Personal (LOPD).<\/p>\n<p>La reproducci\u00f3n total o parcial, incluso el volcado del contenido del Registro a cualquier soporte, exigir\u00e1 la expresa autorizaci\u00f3n de SAHUN.CAT.<\/p>\n<p>Los datos de car\u00e1cter personal incluidos en el Registro no podr\u00e1n ser objeto de tratamiento, ni usarse para finalidades distintas a la de esta publicaci\u00f3n.<\/p>\n<p>Ley aplicable<\/p>\n<p>La ley aplicable en caso de disputa o conflicto de interpretaci\u00f3n de los t\u00e9rminos que conforman este aviso legal, as\u00ed como cualquier cuesti\u00f3n relacionada con los servicios del presente portal, ser\u00e1 la ley espa\u00f1ola.<\/p>\n<\/div><\/section><\/div>\n<style type=\"text\/css\" data-created_by=\"avia_inline_auto\" id=\"style-css-av-av_one_fifth-0aa7055fe62c3622faec82866afbaeb2\">\n.flex_column.av-av_one_fifth-0aa7055fe62c3622faec82866afbaeb2{\nborder-radius:0px 0px 0px 0px;\npadding:0px 0px 0px 0px;\n}\n<\/style>\n<div  class='flex_column av-av_one_fifth-0aa7055fe62c3622faec82866afbaeb2 av_one_fifth  avia-builder-el-3  el_after_av_three_fifth  avia-builder-el-last  flex_column_div av-zero-column-padding  '     ><\/div><\/p>\n","protected":false},"excerpt":{"rendered":"","protected":false},"author":1,"featured_media":0,"parent":0,"menu_order":40,"comment_status":"closed","ping_status":"closed","template":"","meta":{"footnotes":""},"class_list":["post-506","page","type-page","status-publish","hentry"],"_links":{"self":[{"href":"https:\/\/www.sahun.cat\/cas\/wp-json\/wp\/v2\/pages\/506","targetHints":{"allow":["GET"]}}],"collection":[{"href":"https:\/\/www.sahun.cat\/cas\/wp-json\/wp\/v2\/pages"}],"about":[{"href":"https:\/\/www.sahun.cat\/cas\/wp-json\/wp\/v2\/types\/page"}],"author":[{"embeddable":true,"href":"https:\/\/www.sahun.cat\/cas\/wp-json\/wp\/v2\/users\/1"}],"replies":[{"embeddable":true,"href":"https:\/\/www.sahun.cat\/cas\/wp-json\/wp\/v2\/comments?post=506"}],"version-history":[{"count":0,"href":"https:\/\/www.sahun.cat\/cas\/wp-json\/wp\/v2\/pages\/506\/revisions"}],"wp:attachment":[{"href":"https:\/\/www.sahun.cat\/cas\/wp-json\/wp\/v2\/media?parent=506"}],"curies":[{"name":"wp","href":"https:\/\/api.w.org\/{rel}","templated":true}]}}